{"id":1672,"date":"2023-06-14T10:53:09","date_gmt":"2023-06-14T08:53:09","guid":{"rendered":"https:\/\/guingamp-badminton.fr\/?page_id=1672"},"modified":"2023-06-14T13:53:53","modified_gmt":"2023-06-14T11:53:53","slug":"visuels","status":"publish","type":"page","link":"https:\/\/guingamp-badminton.fr\/index.php\/visuels\/","title":{"rendered":"Visuels"},"content":{"rendered":"<div class=\"fusion-fullwidth fullwidth-box fusion-builder-row-1 fusion-flex-container nonhundred-percent-fullwidth non-hundred-percent-height-scrolling\" style=\"--awb-border-radius-top-left:0px;--awb-border-radius-top-right:0px;--awb-border-radius-bottom-right:0px;--awb-border-radius-bottom-left:0px;--awb-padding-top:100px;--awb-padding-bottom:50px;--awb-background-color:#060607;--awb-flex-wrap:wrap;\" ><div class=\"fusion-builder-row fusion-row fusion-flex-align-items-flex-start fusion-flex-content-wrap\" style=\"max-width:1216.8px;margin-left: calc(-4% \/ 2 );margin-right: calc(-4% \/ 2 );\"><div class=\"fusion-layout-column fusion_builder_column fusion-builder-column-0 fusion_builder_column_1_1 1_1 fusion-flex-column\" style=\"--awb-bg-size:cover;--awb-width-large:100%;--awb-margin-top-large:0px;--awb-spacing-right-large:1.92%;--awb-margin-bottom-large:20px;--awb-spacing-left-large:1.92%;--awb-width-medium:100%;--awb-spacing-right-medium:1.92%;--awb-spacing-left-medium:1.92%;--awb-width-small:100%;--awb-spacing-right-small:1.92%;--awb-spacing-left-small:1.92%;\"><div class=\"fusion-column-wrapper fusion-column-has-shadow fusion-flex-justify-content-flex-start fusion-content-layout-column\"><div class=\"fusion-title title fusion-title-1 fusion-sep-none fusion-title-center fusion-title-text fusion-title-size-three\" style=\"--awb-text-color:#ffffff;--awb-margin-top-small:0px;--awb-margin-bottom-small:20px;\"><h3 class=\"fusion-title-heading title-heading-center fusion-responsive-typography-calculated\" style=\"margin:0;--fontSize:22;--minFontSize:22;line-height:2.27;\"><p style=\"text-align: center; background: #3080C7;\"><span style=\"color: #ffffff; text-shadow: 2px 2px 0px #000000;\"><strong>NOTRE LOGO \u00c0 T\u00c9L\u00c9CHARGER :<\/strong><\/span><\/p><\/h3><\/div><\/div><\/div><div class=\"fusion-layout-column fusion_builder_column fusion-builder-column-1 fusion_builder_column_1_1 1_1 fusion-flex-column\" style=\"--awb-bg-size:cover;--awb-width-large:100%;--awb-margin-top-large:0px;--awb-spacing-right-large:1.92%;--awb-margin-bottom-large:20px;--awb-spacing-left-large:1.92%;--awb-width-medium:100%;--awb-spacing-right-medium:1.92%;--awb-spacing-left-medium:1.92%;--awb-width-small:100%;--awb-spacing-right-small:1.92%;--awb-spacing-left-small:1.92%;\"><div class=\"fusion-column-wrapper fusion-column-has-shadow fusion-flex-justify-content-flex-start fusion-content-layout-column\"><div class=\"fusion-separator fusion-full-width-sep\" style=\"align-self: center;margin-left: auto;margin-right: auto;width:100%;\"><\/div><\/div><\/div><div class=\"fusion-layout-column fusion_builder_column fusion-builder-column-2 fusion_builder_column_1_1 1_1 fusion-flex-column\" style=\"--awb-bg-size:cover;--awb-width-large:100%;--awb-margin-top-large:0px;--awb-spacing-right-large:1.92%;--awb-margin-bottom-large:20px;--awb-spacing-left-large:1.92%;--awb-width-medium:100%;--awb-spacing-right-medium:1.92%;--awb-spacing-left-medium:1.92%;--awb-width-small:100%;--awb-spacing-right-small:1.92%;--awb-spacing-left-small:1.92%;\"><div class=\"fusion-column-wrapper fusion-column-has-shadow fusion-flex-justify-content-flex-start fusion-content-layout-column\"><div class=\"fusion-text fusion-text-1\"><p>Pour vos besoins cr\u00e9atifs, voici notre logo sous diff\u00e9rentes formes ainsi que les 2 polices d&rsquo;\u00e9criture.<br \/>\nPour t\u00e9l\u00e9charger un fichier, faites un clic droit sur \u00ab\u00a0T\u00c9L\u00c9CHARGEZ ICI\u00a0\u00bb puis \u00ab\u00a0Enregistrer la cible sous&#8230;\u00a0\u00bb ou \u00ab\u00a0Enregistrer le fichier sous&#8230;\u00a0\u00bb ou \u00ab\u00a0T\u00e9l\u00e9charger le fichier li\u00e9 sous&#8230;\u00a0\u00bb.<br \/>\nLes logos ont une taille de 5000 pixels sur 5000 pixels, font 300 PPP et sont propos\u00e9s au format .JPG (avec un fond blanc) ou au format .PNG (avec un fond transparent).<br \/>\nLes polices d&rsquo;\u00e9criture sont au format .TTF . Elles sont donc \u00e0 installer dans votre PC \/ MAC.<\/p>\n<\/div><\/div><\/div><div class=\"fusion-layout-column fusion_builder_column fusion-builder-column-3 fusion_builder_column_1_1 1_1 fusion-flex-column\" style=\"--awb-bg-size:cover;--awb-width-large:100%;--awb-margin-top-large:0px;--awb-spacing-right-large:1.92%;--awb-margin-bottom-large:20px;--awb-spacing-left-large:1.92%;--awb-width-medium:100%;--awb-spacing-right-medium:1.92%;--awb-spacing-left-medium:1.92%;--awb-width-small:100%;--awb-spacing-right-small:1.92%;--awb-spacing-left-small:1.92%;\"><div class=\"fusion-column-wrapper fusion-column-has-shadow fusion-flex-justify-content-flex-start fusion-content-layout-column\"><div class=\"fusion-separator fusion-full-width-sep\" style=\"align-self: center;margin-left: auto;margin-right: auto;width:100%;\"><\/div><\/div><\/div><div class=\"fusion-layout-column fusion_builder_column fusion-builder-column-4 fusion_builder_column_1_5 1_5 fusion-flex-column\" style=\"--awb-bg-size:cover;--awb-width-large:20%;--awb-margin-top-large:0px;--awb-spacing-right-large:9.6%;--awb-margin-bottom-large:20px;--awb-spacing-left-large:9.6%;--awb-width-medium:20%;--awb-spacing-right-medium:9.6%;--awb-spacing-left-medium:9.6%;--awb-width-small:100%;--awb-spacing-right-small:1.92%;--awb-spacing-left-small:1.92%;\"><div class=\"fusion-column-wrapper fusion-column-has-shadow fusion-flex-justify-content-flex-start fusion-content-layout-column\"><div class=\"fusion-text fusion-text-2\"><p style=\"text-align: center;\">Logo noir &amp; blanc sur fond blanc<\/p>\n<\/div><div class=\"fusion-image-element \" style=\"--awb-caption-title-font-family:var(--h2_typography-font-family);--awb-caption-title-font-weight:var(--h2_typography-font-weight);--awb-caption-title-font-style:var(--h2_typography-font-style);--awb-caption-title-size:var(--h2_typography-font-size);--awb-caption-title-transform:var(--h2_typography-text-transform);--awb-caption-title-line-height:var(--h2_typography-line-height);--awb-caption-title-letter-spacing:var(--h2_typography-letter-spacing);\"><span class=\" fusion-imageframe imageframe-none imageframe-1 hover-type-none\"><img decoding=\"async\" width=\"200\" height=\"200\" src=\"https:\/\/guingamp-badminton.fr\/wp-content\/uploads\/2023\/06\/logo-gb-mini.jpg\" alt class=\"img-responsive wp-image-1686\" srcset=\"https:\/\/guingamp-badminton.fr\/wp-content\/uploads\/2023\/06\/logo-gb-mini-66x66.jpg 66w, https:\/\/guingamp-badminton.fr\/wp-content\/uploads\/2023\/06\/logo-gb-mini-150x150.jpg 150w, https:\/\/guingamp-badminton.fr\/wp-content\/uploads\/2023\/06\/logo-gb-mini.jpg 200w\" sizes=\"(max-width: 200px) 100vw, 200px\" \/><\/span><\/div><div class=\"fusion-text fusion-text-3\"><p style=\"text-align: center;\"><a href=\"https:\/\/guingamp-badminton.fr\/wp-content\/uploads\/2023\/06\/logo-gb.jpg\" target=\"_blank\" rel=\"noopener\">T\u00c9L\u00c9CHARGEZ ICI<\/a><\/p>\n<\/div><\/div><\/div><div class=\"fusion-layout-column fusion_builder_column fusion-builder-column-5 fusion_builder_column_1_5 1_5 fusion-flex-column\" style=\"--awb-bg-size:cover;--awb-width-large:20%;--awb-margin-top-large:0px;--awb-spacing-right-large:9.6%;--awb-margin-bottom-large:20px;--awb-spacing-left-large:9.6%;--awb-width-medium:20%;--awb-spacing-right-medium:9.6%;--awb-spacing-left-medium:9.6%;--awb-width-small:100%;--awb-spacing-right-small:1.92%;--awb-spacing-left-small:1.92%;\"><div class=\"fusion-column-wrapper fusion-column-has-shadow fusion-flex-justify-content-flex-start fusion-content-layout-column\"><div class=\"fusion-text fusion-text-4\"><p style=\"text-align: center;\">Logo noir &amp; blanc sur fond transparent<\/p>\n<\/div><div class=\"fusion-image-element \" style=\"--awb-caption-title-font-family:var(--h2_typography-font-family);--awb-caption-title-font-weight:var(--h2_typography-font-weight);--awb-caption-title-font-style:var(--h2_typography-font-style);--awb-caption-title-size:var(--h2_typography-font-size);--awb-caption-title-transform:var(--h2_typography-text-transform);--awb-caption-title-line-height:var(--h2_typography-line-height);--awb-caption-title-letter-spacing:var(--h2_typography-letter-spacing);\"><span class=\" fusion-imageframe imageframe-none imageframe-2 hover-type-none\"><img decoding=\"async\" width=\"200\" height=\"200\" src=\"https:\/\/guingamp-badminton.fr\/wp-content\/uploads\/2023\/06\/logo-gb-mini.png\" alt class=\"img-responsive wp-image-1722\" srcset=\"https:\/\/guingamp-badminton.fr\/wp-content\/uploads\/2023\/06\/logo-gb-mini-66x66.png 66w, https:\/\/guingamp-badminton.fr\/wp-content\/uploads\/2023\/06\/logo-gb-mini-150x150.png 150w, https:\/\/guingamp-badminton.fr\/wp-content\/uploads\/2023\/06\/logo-gb-mini.png 200w\" sizes=\"(max-width: 200px) 100vw, 200px\" \/><\/span><\/div><div class=\"fusion-text fusion-text-5\"><p style=\"text-align: center;\"><a href=\"https:\/\/guingamp-badminton.fr\/wp-content\/uploads\/2023\/06\/logo-gb.png\" target=\"_blank\" rel=\"noopener\">T\u00c9L\u00c9CHARGEZ ICI<\/a><\/p>\n<\/div><\/div><\/div><div class=\"fusion-layout-column fusion_builder_column fusion-builder-column-6 fusion_builder_column_1_5 1_5 fusion-flex-column\" style=\"--awb-bg-size:cover;--awb-width-large:20%;--awb-margin-top-large:0px;--awb-spacing-right-large:9.6%;--awb-margin-bottom-large:20px;--awb-spacing-left-large:9.6%;--awb-width-medium:20%;--awb-spacing-right-medium:9.6%;--awb-spacing-left-medium:9.6%;--awb-width-small:100%;--awb-spacing-right-small:1.92%;--awb-spacing-left-small:1.92%;\"><div class=\"fusion-column-wrapper fusion-column-has-shadow fusion-flex-justify-content-flex-start fusion-content-layout-column\"><div class=\"fusion-text fusion-text-6\"><p style=\"text-align: center;\">Logo blanc &amp; noir sur fond blanc<\/p>\n<\/div><div class=\"fusion-image-element \" style=\"--awb-caption-title-font-family:var(--h2_typography-font-family);--awb-caption-title-font-weight:var(--h2_typography-font-weight);--awb-caption-title-font-style:var(--h2_typography-font-style);--awb-caption-title-size:var(--h2_typography-font-size);--awb-caption-title-transform:var(--h2_typography-text-transform);--awb-caption-title-line-height:var(--h2_typography-line-height);--awb-caption-title-letter-spacing:var(--h2_typography-letter-spacing);\"><span class=\" fusion-imageframe imageframe-none imageframe-3 hover-type-none\"><img decoding=\"async\" width=\"200\" height=\"200\" src=\"https:\/\/guingamp-badminton.fr\/wp-content\/uploads\/2023\/06\/logo-gb-inverse-mini.jpg\" alt class=\"img-responsive wp-image-1689\" srcset=\"https:\/\/guingamp-badminton.fr\/wp-content\/uploads\/2023\/06\/logo-gb-inverse-mini-66x66.jpg 66w, https:\/\/guingamp-badminton.fr\/wp-content\/uploads\/2023\/06\/logo-gb-inverse-mini-150x150.jpg 150w, https:\/\/guingamp-badminton.fr\/wp-content\/uploads\/2023\/06\/logo-gb-inverse-mini.jpg 200w\" sizes=\"(max-width: 200px) 100vw, 200px\" \/><\/span><\/div><div class=\"fusion-text fusion-text-7\"><p style=\"text-align: center;\"><a href=\"https:\/\/guingamp-badminton.fr\/wp-content\/uploads\/2023\/06\/logo-gb-inverse.jpg\" target=\"_blank\" rel=\"noopener\">T\u00c9L\u00c9CHARGEZ ICI<\/a><\/p>\n<\/div><\/div><\/div><div class=\"fusion-layout-column fusion_builder_column fusion-builder-column-7 fusion_builder_column_1_5 1_5 fusion-flex-column\" style=\"--awb-bg-size:cover;--awb-width-large:20%;--awb-margin-top-large:0px;--awb-spacing-right-large:9.6%;--awb-margin-bottom-large:20px;--awb-spacing-left-large:9.6%;--awb-width-medium:20%;--awb-spacing-right-medium:9.6%;--awb-spacing-left-medium:9.6%;--awb-width-small:100%;--awb-spacing-right-small:1.92%;--awb-spacing-left-small:1.92%;\"><div class=\"fusion-column-wrapper fusion-column-has-shadow fusion-flex-justify-content-flex-start fusion-content-layout-column\"><div class=\"fusion-text fusion-text-8\"><p style=\"text-align: center;\">Logo blanc &amp; noir sur fond transparent<\/p>\n<\/div><div class=\"fusion-image-element \" style=\"--awb-caption-title-font-family:var(--h2_typography-font-family);--awb-caption-title-font-weight:var(--h2_typography-font-weight);--awb-caption-title-font-style:var(--h2_typography-font-style);--awb-caption-title-size:var(--h2_typography-font-size);--awb-caption-title-transform:var(--h2_typography-text-transform);--awb-caption-title-line-height:var(--h2_typography-line-height);--awb-caption-title-letter-spacing:var(--h2_typography-letter-spacing);\"><span class=\" fusion-imageframe imageframe-none imageframe-4 hover-type-none\"><img decoding=\"async\" width=\"200\" height=\"200\" src=\"https:\/\/guingamp-badminton.fr\/wp-content\/uploads\/2023\/06\/logo-gb-inverse-mini.png\" alt class=\"img-responsive wp-image-1721\" srcset=\"https:\/\/guingamp-badminton.fr\/wp-content\/uploads\/2023\/06\/logo-gb-inverse-mini-66x66.png 66w, https:\/\/guingamp-badminton.fr\/wp-content\/uploads\/2023\/06\/logo-gb-inverse-mini-150x150.png 150w, https:\/\/guingamp-badminton.fr\/wp-content\/uploads\/2023\/06\/logo-gb-inverse-mini.png 200w\" sizes=\"(max-width: 200px) 100vw, 200px\" \/><\/span><\/div><div class=\"fusion-text fusion-text-9\"><p style=\"text-align: center;\"><a href=\"https:\/\/guingamp-badminton.fr\/wp-content\/uploads\/2023\/06\/logo-gb-inverse.png\" target=\"_blank\" rel=\"noopener\">T\u00c9L\u00c9CHARGEZ ICI<\/a><\/p>\n<\/div><\/div><\/div><div class=\"fusion-layout-column fusion_builder_column fusion-builder-column-8 fusion_builder_column_1_5 1_5 fusion-flex-column\" style=\"--awb-bg-size:cover;--awb-width-large:20%;--awb-margin-top-large:0px;--awb-spacing-right-large:9.6%;--awb-margin-bottom-large:20px;--awb-spacing-left-large:9.6%;--awb-width-medium:20%;--awb-spacing-right-medium:9.6%;--awb-spacing-left-medium:9.6%;--awb-width-small:100%;--awb-spacing-right-small:1.92%;--awb-spacing-left-small:1.92%;\"><div class=\"fusion-column-wrapper fusion-column-has-shadow fusion-flex-justify-content-flex-start fusion-content-layout-column\"><div class=\"fusion-text fusion-text-10\"><p style=\"text-align: center;\">Logo bleu &amp; blanc avec bordure sur fond blanc<\/p>\n<\/div><div class=\"fusion-image-element \" style=\"--awb-caption-title-font-family:var(--h2_typography-font-family);--awb-caption-title-font-weight:var(--h2_typography-font-weight);--awb-caption-title-font-style:var(--h2_typography-font-style);--awb-caption-title-size:var(--h2_typography-font-size);--awb-caption-title-transform:var(--h2_typography-text-transform);--awb-caption-title-line-height:var(--h2_typography-line-height);--awb-caption-title-letter-spacing:var(--h2_typography-letter-spacing);\"><span class=\" fusion-imageframe imageframe-none imageframe-5 hover-type-none\"><img decoding=\"async\" width=\"200\" height=\"200\" src=\"https:\/\/guingamp-badminton.fr\/wp-content\/uploads\/2023\/06\/logo-gb-bleu-avec-bordure-mini.jpg\" alt class=\"img-responsive wp-image-1694\" srcset=\"https:\/\/guingamp-badminton.fr\/wp-content\/uploads\/2023\/06\/logo-gb-bleu-avec-bordure-mini-66x66.jpg 66w, https:\/\/guingamp-badminton.fr\/wp-content\/uploads\/2023\/06\/logo-gb-bleu-avec-bordure-mini-150x150.jpg 150w, https:\/\/guingamp-badminton.fr\/wp-content\/uploads\/2023\/06\/logo-gb-bleu-avec-bordure-mini.jpg 200w\" sizes=\"(max-width: 200px) 100vw, 200px\" \/><\/span><\/div><div class=\"fusion-text fusion-text-11\"><p style=\"text-align: center;\"><a href=\"https:\/\/guingamp-badminton.fr\/wp-content\/uploads\/2023\/06\/logo-gb-bleu-avec-bordure.jpg\" target=\"_blank\" rel=\"noopener\">T\u00c9L\u00c9CHARGEZ ICI<\/a><\/p>\n<\/div><\/div><\/div><div class=\"fusion-layout-column fusion_builder_column fusion-builder-column-9 fusion_builder_column_1_5 1_5 fusion-flex-column\" style=\"--awb-bg-size:cover;--awb-width-large:20%;--awb-margin-top-large:0px;--awb-spacing-right-large:9.6%;--awb-margin-bottom-large:20px;--awb-spacing-left-large:9.6%;--awb-width-medium:20%;--awb-spacing-right-medium:9.6%;--awb-spacing-left-medium:9.6%;--awb-width-small:100%;--awb-spacing-right-small:1.92%;--awb-spacing-left-small:1.92%;\"><div class=\"fusion-column-wrapper fusion-column-has-shadow fusion-flex-justify-content-flex-start fusion-content-layout-column\"><div class=\"fusion-text fusion-text-12\"><p style=\"text-align: center;\">Logo bleu &amp; blanc avec bordure sur fond transparent<\/p>\n<\/div><div class=\"fusion-image-element \" style=\"--awb-caption-title-font-family:var(--h2_typography-font-family);--awb-caption-title-font-weight:var(--h2_typography-font-weight);--awb-caption-title-font-style:var(--h2_typography-font-style);--awb-caption-title-size:var(--h2_typography-font-size);--awb-caption-title-transform:var(--h2_typography-text-transform);--awb-caption-title-line-height:var(--h2_typography-line-height);--awb-caption-title-letter-spacing:var(--h2_typography-letter-spacing);\"><span class=\" fusion-imageframe imageframe-none imageframe-6 hover-type-none\"><img decoding=\"async\" width=\"200\" height=\"200\" src=\"https:\/\/guingamp-badminton.fr\/wp-content\/uploads\/2023\/06\/logo-gb-bleu-avec-bordure-mini.png\" alt class=\"img-responsive wp-image-1719\" srcset=\"https:\/\/guingamp-badminton.fr\/wp-content\/uploads\/2023\/06\/logo-gb-bleu-avec-bordure-mini-66x66.png 66w, https:\/\/guingamp-badminton.fr\/wp-content\/uploads\/2023\/06\/logo-gb-bleu-avec-bordure-mini-150x150.png 150w, https:\/\/guingamp-badminton.fr\/wp-content\/uploads\/2023\/06\/logo-gb-bleu-avec-bordure-mini.png 200w\" sizes=\"(max-width: 200px) 100vw, 200px\" \/><\/span><\/div><div class=\"fusion-text fusion-text-13\"><p style=\"text-align: center;\"><a href=\"https:\/\/guingamp-badminton.fr\/wp-content\/uploads\/2023\/06\/logo-gb-bleu-avec-bordure.png\" target=\"_blank\" rel=\"noopener\">T\u00c9L\u00c9CHARGEZ ICI<\/a><\/p>\n<\/div><\/div><\/div><div class=\"fusion-layout-column fusion_builder_column fusion-builder-column-10 fusion_builder_column_1_5 1_5 fusion-flex-column\" style=\"--awb-bg-size:cover;--awb-width-large:20%;--awb-margin-top-large:0px;--awb-spacing-right-large:9.6%;--awb-margin-bottom-large:20px;--awb-spacing-left-large:9.6%;--awb-width-medium:20%;--awb-spacing-right-medium:9.6%;--awb-spacing-left-medium:9.6%;--awb-width-small:100%;--awb-spacing-right-small:1.92%;--awb-spacing-left-small:1.92%;\"><div class=\"fusion-column-wrapper fusion-column-has-shadow fusion-flex-justify-content-flex-start fusion-content-layout-column\"><div class=\"fusion-text fusion-text-14\"><p style=\"text-align: center;\">Logo bleu &amp; blanc sur fond blanc<\/p>\n<\/div><div class=\"fusion-image-element \" style=\"--awb-caption-title-font-family:var(--h2_typography-font-family);--awb-caption-title-font-weight:var(--h2_typography-font-weight);--awb-caption-title-font-style:var(--h2_typography-font-style);--awb-caption-title-size:var(--h2_typography-font-size);--awb-caption-title-transform:var(--h2_typography-text-transform);--awb-caption-title-line-height:var(--h2_typography-line-height);--awb-caption-title-letter-spacing:var(--h2_typography-letter-spacing);\"><span class=\" fusion-imageframe imageframe-none imageframe-7 hover-type-none\"><img decoding=\"async\" width=\"200\" height=\"200\" src=\"https:\/\/guingamp-badminton.fr\/wp-content\/uploads\/2023\/06\/logo-gb-bleu-sans-bordure-mini.jpg\" alt class=\"img-responsive wp-image-1698\" srcset=\"https:\/\/guingamp-badminton.fr\/wp-content\/uploads\/2023\/06\/logo-gb-bleu-sans-bordure-mini-66x66.jpg 66w, https:\/\/guingamp-badminton.fr\/wp-content\/uploads\/2023\/06\/logo-gb-bleu-sans-bordure-mini-150x150.jpg 150w, https:\/\/guingamp-badminton.fr\/wp-content\/uploads\/2023\/06\/logo-gb-bleu-sans-bordure-mini.jpg 200w\" sizes=\"(max-width: 200px) 100vw, 200px\" \/><\/span><\/div><div class=\"fusion-text fusion-text-15\"><p style=\"text-align: center;\"><a href=\"https:\/\/guingamp-badminton.fr\/wp-content\/uploads\/2023\/06\/logo-gb-bleu-sans-bordure.jpg\" target=\"_blank\" rel=\"noopener\">T\u00c9L\u00c9CHARGEZ ICI<\/a><\/p>\n<\/div><\/div><\/div><div class=\"fusion-layout-column fusion_builder_column fusion-builder-column-11 fusion_builder_column_1_5 1_5 fusion-flex-column\" style=\"--awb-bg-size:cover;--awb-width-large:20%;--awb-margin-top-large:0px;--awb-spacing-right-large:9.6%;--awb-margin-bottom-large:20px;--awb-spacing-left-large:9.6%;--awb-width-medium:20%;--awb-spacing-right-medium:9.6%;--awb-spacing-left-medium:9.6%;--awb-width-small:100%;--awb-spacing-right-small:1.92%;--awb-spacing-left-small:1.92%;\"><div class=\"fusion-column-wrapper fusion-column-has-shadow fusion-flex-justify-content-flex-start fusion-content-layout-column\"><div class=\"fusion-text fusion-text-16\"><p style=\"text-align: center;\">Logo bleu &amp; blanc sur fond transparent<\/p>\n<\/div><div class=\"fusion-image-element \" style=\"--awb-caption-title-font-family:var(--h2_typography-font-family);--awb-caption-title-font-weight:var(--h2_typography-font-weight);--awb-caption-title-font-style:var(--h2_typography-font-style);--awb-caption-title-size:var(--h2_typography-font-size);--awb-caption-title-transform:var(--h2_typography-text-transform);--awb-caption-title-line-height:var(--h2_typography-line-height);--awb-caption-title-letter-spacing:var(--h2_typography-letter-spacing);\"><span class=\" fusion-imageframe imageframe-none imageframe-8 hover-type-none\"><img decoding=\"async\" width=\"200\" height=\"200\" src=\"https:\/\/guingamp-badminton.fr\/wp-content\/uploads\/2023\/06\/logo-gb-bleu-sans-bordure-mini.png\" alt class=\"img-responsive wp-image-1720\" srcset=\"https:\/\/guingamp-badminton.fr\/wp-content\/uploads\/2023\/06\/logo-gb-bleu-sans-bordure-mini-66x66.png 66w, https:\/\/guingamp-badminton.fr\/wp-content\/uploads\/2023\/06\/logo-gb-bleu-sans-bordure-mini-150x150.png 150w, https:\/\/guingamp-badminton.fr\/wp-content\/uploads\/2023\/06\/logo-gb-bleu-sans-bordure-mini.png 200w\" sizes=\"(max-width: 200px) 100vw, 200px\" \/><\/span><\/div><div class=\"fusion-text fusion-text-17\"><p style=\"text-align: center;\"><a href=\"https:\/\/guingamp-badminton.fr\/wp-content\/uploads\/2023\/06\/logo-gb-bleu-sans-bordure.png\" target=\"_blank\" rel=\"noopener\">T\u00c9L\u00c9CHARGEZ ICI<\/a><\/p>\n<\/div><\/div><\/div><div class=\"fusion-layout-column fusion_builder_column fusion-builder-column-12 fusion_builder_column_1_5 1_5 fusion-flex-column\" style=\"--awb-bg-size:cover;--awb-width-large:20%;--awb-margin-top-large:0px;--awb-spacing-right-large:9.6%;--awb-margin-bottom-large:20px;--awb-spacing-left-large:9.6%;--awb-width-medium:20%;--awb-spacing-right-medium:9.6%;--awb-spacing-left-medium:9.6%;--awb-width-small:100%;--awb-spacing-right-small:1.92%;--awb-spacing-left-small:1.92%;\"><div class=\"fusion-column-wrapper fusion-column-has-shadow fusion-flex-justify-content-flex-start fusion-content-layout-column\"><div class=\"fusion-text fusion-text-18\"><p style=\"text-align: center;\">La police \u00ab\u00a0Amaranth\u00a0\u00bb<\/p>\n<\/div><div class=\"fusion-image-element \" style=\"--awb-caption-title-font-family:var(--h2_typography-font-family);--awb-caption-title-font-weight:var(--h2_typography-font-weight);--awb-caption-title-font-style:var(--h2_typography-font-style);--awb-caption-title-size:var(--h2_typography-font-size);--awb-caption-title-transform:var(--h2_typography-text-transform);--awb-caption-title-line-height:var(--h2_typography-line-height);--awb-caption-title-letter-spacing:var(--h2_typography-letter-spacing);\"><span class=\" fusion-imageframe imageframe-none imageframe-9 hover-type-none\"><img decoding=\"async\" width=\"200\" height=\"200\" src=\"https:\/\/guingamp-badminton.fr\/wp-content\/uploads\/2023\/06\/amaranth.jpg\" alt class=\"img-responsive wp-image-1706\" srcset=\"https:\/\/guingamp-badminton.fr\/wp-content\/uploads\/2023\/06\/amaranth-66x66.jpg 66w, https:\/\/guingamp-badminton.fr\/wp-content\/uploads\/2023\/06\/amaranth-150x150.jpg 150w, https:\/\/guingamp-badminton.fr\/wp-content\/uploads\/2023\/06\/amaranth.jpg 200w\" sizes=\"(max-width: 200px) 100vw, 200px\" \/><\/span><\/div><div class=\"fusion-text fusion-text-19\"><p style=\"text-align: center;\"><a href=\"https:\/\/guingamp-badminton.fr\/wp-content\/uploads\/2023\/06\/amaranth.zip\" target=\"_blank\" rel=\"noopener\">T\u00c9L\u00c9CHARGEZ ICI<\/a><\/p>\n<\/div><\/div><\/div><div class=\"fusion-layout-column fusion_builder_column fusion-builder-column-13 fusion_builder_column_1_5 1_5 fusion-flex-column\" style=\"--awb-bg-size:cover;--awb-width-large:20%;--awb-margin-top-large:0px;--awb-spacing-right-large:9.6%;--awb-margin-bottom-large:20px;--awb-spacing-left-large:9.6%;--awb-width-medium:20%;--awb-spacing-right-medium:9.6%;--awb-spacing-left-medium:9.6%;--awb-width-small:100%;--awb-spacing-right-small:1.92%;--awb-spacing-left-small:1.92%;\"><div class=\"fusion-column-wrapper fusion-column-has-shadow fusion-flex-justify-content-flex-start fusion-content-layout-column\"><div class=\"fusion-text fusion-text-20\"><p style=\"text-align: center;\">La police \u00ab\u00a0Open Sans\u00a0\u00bb<\/p>\n<\/div><div class=\"fusion-image-element \" style=\"--awb-caption-title-font-family:var(--h2_typography-font-family);--awb-caption-title-font-weight:var(--h2_typography-font-weight);--awb-caption-title-font-style:var(--h2_typography-font-style);--awb-caption-title-size:var(--h2_typography-font-size);--awb-caption-title-transform:var(--h2_typography-text-transform);--awb-caption-title-line-height:var(--h2_typography-line-height);--awb-caption-title-letter-spacing:var(--h2_typography-letter-spacing);\"><span class=\" fusion-imageframe imageframe-none imageframe-10 hover-type-none\"><img decoding=\"async\" width=\"200\" height=\"200\" src=\"https:\/\/guingamp-badminton.fr\/wp-content\/uploads\/2023\/06\/opensans.jpg\" alt class=\"img-responsive wp-image-1708\" srcset=\"https:\/\/guingamp-badminton.fr\/wp-content\/uploads\/2023\/06\/opensans-66x66.jpg 66w, https:\/\/guingamp-badminton.fr\/wp-content\/uploads\/2023\/06\/opensans-150x150.jpg 150w, https:\/\/guingamp-badminton.fr\/wp-content\/uploads\/2023\/06\/opensans.jpg 200w\" sizes=\"(max-width: 200px) 100vw, 200px\" \/><\/span><\/div><div class=\"fusion-text fusion-text-21\"><p style=\"text-align: center;\"><a href=\"https:\/\/guingamp-badminton.fr\/wp-content\/uploads\/2023\/06\/opensans.zip\" target=\"_blank\" rel=\"noopener\">T\u00c9L\u00c9CHARGEZ ICI<\/a><\/p>\n<\/div><\/div><\/div><\/div><\/div>\n","protected":false},"excerpt":{"rendered":"","protected":false},"author":1,"featured_media":0,"parent":0,"menu_order":0,"comment_status":"closed","ping_status":"closed","template":"","meta":{"footnotes":""},"class_list":["post-1672","page","type-page","status-publish","hentry"],"_links":{"self":[{"href":"https:\/\/guingamp-badminton.fr\/index.php\/wp-json\/wp\/v2\/pages\/1672","targetHints":{"allow":["GET"]}}],"collection":[{"href":"https:\/\/guingamp-badminton.fr\/index.php\/wp-json\/wp\/v2\/pages"}],"about":[{"href":"https:\/\/guingamp-badminton.fr\/index.php\/wp-json\/wp\/v2\/types\/page"}],"author":[{"embeddable":true,"href":"https:\/\/guingamp-badminton.fr\/index.php\/wp-json\/wp\/v2\/users\/1"}],"replies":[{"embeddable":true,"href":"https:\/\/guingamp-badminton.fr\/index.php\/wp-json\/wp\/v2\/comments?post=1672"}],"version-history":[{"count":16,"href":"https:\/\/guingamp-badminton.fr\/index.php\/wp-json\/wp\/v2\/pages\/1672\/revisions"}],"predecessor-version":[{"id":1724,"href":"https:\/\/guingamp-badminton.fr\/index.php\/wp-json\/wp\/v2\/pages\/1672\/revisions\/1724"}],"wp:attachment":[{"href":"https:\/\/guingamp-badminton.fr\/index.php\/wp-json\/wp\/v2\/media?parent=1672"}],"curies":[{"name":"wp","href":"https:\/\/api.w.org\/{rel}","templated":true}]}}